{"id":6306,"date":"2025-11-18T14:48:42","date_gmt":"2025-11-18T13:48:42","guid":{"rendered":"https:\/\/consstoccarda.esteri.it\/?page_id=6306"},"modified":"2026-02-02T16:25:42","modified_gmt":"2026-02-02T15:25:42","slug":"cambiamento-di-nome-e-o-cognome","status":"publish","type":"page","link":"https:\/\/consstoccarda.esteri.it\/it\/servizi-consolari-e-visti\/servizi-per-il-cittadino-italiano\/stato-civile\/cambiamento-di-nome-e-o-cognome\/","title":{"rendered":"Cambiamento di nome e\/o cognome"},"content":{"rendered":"<p>Ai sensi della vigente normativa (DPR 396\/2000) i cittadini italiani che desiderano cambiare il proprio cognome o nome perch\u00e9 ridicolo, vergognoso, rivela l\u2019origine naturale o per altri motivi ritenuti validi, possono presentare un\u2019istanza di cambio nome o cognome.<\/p>\n<p><strong>Requisiti:<\/strong><\/p>\n<ul>\n<li>La richiesta deve essere presentata da cittadini italiani.<\/li>\n<li>Le richieste devono avere carattere eccezionale e sono ammesse solo in presenza di situazioni oggettivamente rilevanti, supportate da motivazioni adeguate e documentate.<\/li>\n<\/ul>\n<p>La competenza per la valutazione (e dunque l\u2019accettazione o il rigetto) dell\u2019istanza \u00e8 delle Prefetture italiane, che si trovano in ciascun capoluogo di Provincia.<\/p>\n<p>Per chi \u00e8 iscritto AIRE la competenza \u00e8 della Prefettura del proprio Comune AIRE (ad esempio: Comune di iscrizione AIRE Licata (AG) \u2014 Prefettura competente: Agrigento; Comune di iscrizione AIRE Fiumicino (RM) \u2014 Prefettura competente: Roma). Per verificare il proprio comune di iscrizione AIRE, si prega di accedere al Portale Fast-It, presentando, se necessario una richiesta di visualizzazione dei propri dati in schedario consolare.<\/p>\n<p>Si sottolinea che in nessun caso \u00e8 possibile prevedere o influenzare l\u2019andamento dell\u2019istanza. La valutazione di merito spetta unicamente alla Prefettura.<\/p>\n<p>Vista la complessit\u00e0 della procedura sotto descritta, che coinvolge diversi organi della Pubblica Amministrazione (Consolato, Prefettura, Comune) le pratiche di cambiamento di nome\/cognome richiedono <strong>molti <\/strong>mesi. Non \u00e8 possibile stimare in anticipo la tempistica, che varia di caso in caso.<\/p>\n<p><strong>Si ricorda che per la normativa italiana non \u00e8 previsto alcun cambiamento di cognome per matrimonio. Si prega di voler mantenere il cognome cos\u00ec come indicato sui propri documenti di identit\u00e0. Si prega di seguire le informazioni su questa pagina.<\/strong><\/p>\n<p>Il richiedente pu\u00f2 essere presentata l\u2019istanza in alternativa<\/p>\n<ul>\n<li>direttamente alla Prefettura, oppure<\/li>\n<li>al Consolato Generale di Stoccarda (per i cittadini italiani iscritti AIRE della nostra circoscrizione), che la trasmetter\u00e0 alla Prefettura .<\/li>\n<\/ul>\n<p>La documentazione che deve essere presentata \u00e8:<\/p>\n<ol>\n<li><strong>Tutti<\/strong> moduli previsti dalla propria Prefettura, scaricabili direttamente dal relativo sito (<a href=\"https:\/\/consstoccarda.esteri.it\/wp-content\/uploads\/2025\/11\/cambi-cognome-lista-prefetture-pdf.pdf\">si veda la seguente lista con tutti i link<\/a> \u2013 si prega di leggere con attenzione tutte le informazioni!), debitamente compilati e firmati;<\/li>\n<li>Copia di un documento di identit\u00e0 (del richiedente e delle persone che eventualmente dovranno dare il proprio assenso. In caso di istanze per minori: copia del documento di identit\u00e0 dei genitor e del minore<\/li>\n<li>Ogni documento utile a supportare le motivazioni della domanda (ad esempio, in caso di doppia cittadinanza, documenti dell\u2019altro paese, comprovanti il cambiamento gi\u00e0 avvenuto).<\/li>\n<li>Prova dell\u2019avvenuto pagamento dell\u2019imposta di bollo, pari a 16\u20ac, da versare tramite bonifico al conto dedicato dell\u2019Agenzia delle Entrate:<strong>COORDINATE BANCARIE PAGAMENTO IMPOSTA DI BOLLO <\/strong>BENEFICIARIO: <strong>Ministero dell\u2019Economia e delle Finanze<\/strong>IBAN: IT79Z0100003245BE00000000QKBIC: BITAITRRENT\n<p>CAUSALE: \u2018codice fiscale del contribuente\u2019 \u2013 Bollo su istanza Prefettura \u2013 anno di riferimento (AAAA) oppure mese\/anno (MM\/AAAA)<\/p>\n<p>IMPORTO: 16 euro<\/li>\n<\/ol>\n<p>&nbsp;<\/p>\n<p>La documentazione pu\u00f2 essere presentata su appuntamento, da fissare tramite il portale <a href=\"https:\/\/prenotami.esteri.it\/\"><strong>prenot@mi<\/strong><\/a>.<\/p>\n<p>Una volta pervenuta, il consolato inoltrer\u00e0 l\u2019istanza alla Prefettura. Attenzione: le Prefetture si riservano il diritto di richiedere documentazione aggiuntiva.<\/p>\n<p>In seguito la Prefettura emaner\u00e0 un decreto di autorizzazione all\u2019affissione o di rigetto. In caso positivo, si dovr\u00e0 procedere all\u2019affissione per trenta giorni sull\u2019albo consolare di un avviso di cambio cognome. A tal fine il connazionale verr\u00e0 preventivamente ricontattato via mail per il pagamento di una ulteriore tassa di bollo. In caso di cittadino nato in Italia, l\u2019affissione dovr\u00e0 essere richiesta dall\u2019interessato anche al proprio Comune di nascita.<\/p>\n<p>Al termine dell\u2019affissione compiuta senza opposizioni, il Consolato (e se nel caso anche il Comune di nascita) ne dar\u00e0 notifica alla Prefettura. Il Prefetto emaner\u00e0 quindi un decreto di autorizzazione al cambiamento, o di rigetto.<\/p>\n<p>In caso positivo il richiedente verr\u00e0 ricontattato dal Consolato per il pagamento di un\u2019ulteriore imposta di bollo e per informazioni sull\u2019ultimo passaggio previsto, ovvero la trascrizione ed annotazione del decreto nei registri di stato civile italiani del proprio Comune competente.<\/p>\n<p>Attenzione: il cambiamento del nome o del cognome sar\u00e0 efficace unicamente quando la trascrizione\/annotazione saranno state <strong>confermate <\/strong>dal Comune, che dovr\u00e0 darne notifica al Consolato. Senza quest\u2019ultimo passaggio non sar\u00e0 possibile emettere nuovi documenti di identit\u00e0.<\/p>\n","protected":false},"excerpt":{"rendered":"Ai sensi della vigente normativa (DPR 396\/2000) i cittadini italiani che desiderano cambiare il proprio cognome o nome perch\u00e9 ridicolo, vergognoso, rivela l\u2019origine naturale o per altri motivi ritenuti validi, possono presentare un\u2019istanza di cambio nome o cognome. Requisiti: La richiesta deve essere presentata da cittadini italiani. Le richieste devono avere carattere eccezionale e sono [&hellip;]","protected":false},"author":32,"featured_media":0,"parent":179,"menu_order":6,"comment_status":"closed","ping_status":"closed","template":"","meta":{"footnotes":""},"class_list":["post-6306","page","type-page","status-publish","hentry"],"_links":{"self":[{"href":"https:\/\/consstoccarda.esteri.it\/it\/wp-json\/wp\/v2\/pages\/6306","targetHints":{"allow":["GET"]}}],"collection":[{"href":"https:\/\/consstoccarda.esteri.it\/it\/wp-json\/wp\/v2\/pages"}],"about":[{"href":"https:\/\/consstoccarda.esteri.it\/it\/wp-json\/wp\/v2\/types\/page"}],"author":[{"embeddable":true,"href":"https:\/\/consstoccarda.esteri.it\/it\/wp-json\/wp\/v2\/users\/32"}],"replies":[{"embeddable":true,"href":"https:\/\/consstoccarda.esteri.it\/it\/wp-json\/wp\/v2\/comments?post=6306"}],"version-history":[{"count":6,"href":"https:\/\/consstoccarda.esteri.it\/it\/wp-json\/wp\/v2\/pages\/6306\/revisions"}],"predecessor-version":[{"id":7223,"href":"https:\/\/consstoccarda.esteri.it\/it\/wp-json\/wp\/v2\/pages\/6306\/revisions\/7223"}],"up":[{"embeddable":true,"href":"https:\/\/consstoccarda.esteri.it\/it\/wp-json\/wp\/v2\/pages\/179"}],"wp:attachment":[{"href":"https:\/\/consstoccarda.esteri.it\/it\/wp-json\/wp\/v2\/media?parent=6306"}],"curies":[{"name":"wp","href":"https:\/\/api.w.org\/{rel}","templated":true}]}}