{"id":6376,"date":"2025-11-19T14:45:16","date_gmt":"2025-11-19T13:45:16","guid":{"rendered":"https:\/\/consstoccarda.esteri.it\/?page_id=6376"},"modified":"2026-04-29T11:41:34","modified_gmt":"2026-04-29T09:41:34","slug":"unioni-civili-celebrazione-in-germania-e-trascrizione","status":"publish","type":"page","link":"https:\/\/consstoccarda.esteri.it\/it\/servizi-consolari-e-visti\/servizi-per-il-cittadino-italiano\/stato-civile\/unioni-civili-celebrazione-in-germania-e-trascrizione\/","title":{"rendered":"Unioni Civili (celebrazione in Germania  e trascrizione)"},"content":{"rendered":"<p>Il 5 giugno 2016 \u00e8 entrata in vigore nell\u2019ordinamento italiano la legge 20 maggio 2016, n. 76 \u201cRegolamentazione delle unioni civili tra persone dello stesso sesso e disciplina delle convivenze\u201d. Tra gli altri, la legge disciplina il legame fra due persone dello stesso sesso, denominato \u201cunione civile\u201d, dalla quale deriva una variazione dello stato civile delle parti.<\/p>\n<p>Il cittadino italiano residente nella circoscrizione del Consolato Generale d\u2019Italia a Stoccarda che intende costituire all\u2019estero un\u2019unione civile deve in primo luogo rivolgersi all\u2019Ufficio di Stato Civile tedesco (Standesamt) dove intende contrarre l\u2019unione civile. Questo Ufficio fornir\u00e0 una lista dei documenti personalizzata.<\/p>\n<p>Solo in seguito si pu\u00f2 rivolgersi all\u2019Ufficio consolare italiano competente per residenza. Si precisa che le procedure antecedenti l\u2019unione civile vanno avviate con largo anticipo. Per i connazionali residenti nella nostra circoscrizione e regolarmente iscritti all\u2019AIRE consolato potr\u00e0 rilasciare unicamente <strong>un certificato contestuale di cittadinanza, stato civile e iscrizione nello schedario consolare<\/strong>. Non sar\u00e0 possibile rilasciare il certificato di capacit\u00e0 matrimoniale ai sensi della Convenzione di Monaco del 1980, poich\u00e9 questa convenzione non \u00e8 applicabile alle unioni civili. I connazionali non iscritti AIRE dovranno rivolgersi al proprio comune di residenza (o al consolato di residenza, se residenti all\u2019estero, al di fuori della nostra circoscrizione).<\/p>\n<p>Per richiedere il certificato contestuale dovr\u00e0 pervenire al nostro ufficio via posta (Lenzhalde 46, 70192 Stuttgart):<\/p>\n<ul>\n<li><a href=\"https:\/\/consstoccarda.esteri.it\/wp-content\/uploads\/2025\/11\/modello-capacita-matrimoniale-cert-cont-unione-civile-2025.pdf\">formulario di richiesta<\/a><\/li>\n<li>copia del documento di identit\u00e0 in corso di validit\u00e0<\/li>\n<li>copia del certificato di residenza tedesco con indicazione dello stato civile e della cittadinanza (erweiterte Meldebescheinigung)<\/li>\n<li>conferma dell\u2019avvenuto pagamento di 15\u20ac da versare sul conto del Consolato Generale<\/li>\n<li>busta preaffrancata e pre-indirizzata per l\u2019invio del certificato.<\/li>\n<\/ul>\n<p>In alternativa la richiesta pu\u00f2 essere presentata di persona, l\u2019appuntamento andr\u00e0 fissato tramite <strong><a href=\"https:\/\/prenotami.esteri.it\/\">prenot@mi<\/a><\/strong>. In questo caso non dovr\u00e0 essere presentata la busta preaffrancata.<\/p>\n<p>Se l\u2019unione civile riguarda due cittadini italiani, dovr\u00e0 essere rilasciato un certificato contestuale per ciascuno. Andranno quindi trasmesse due istanze. Si specifica che, a causa delle verifiche imposte dalla Legge l\u2019emissione dei certificati potr\u00e0 prolungarsi.<\/p>\n<p>Si informa che l\u2019unione civile prevista dall\u2019ordinamento italiano riguarda unicamente coppie dello stesso sesso, e si differenzia dalla convivenza di fatto, che non comporta un cambiamento di stato civile.<\/p>\n<p>In seguito alla celebrazione dell\u2019unione civile sar\u00e0 necessario presentare via posta (Ital. Generalkonsulat, Lenzhalde 46, 70192 Stuttgart)<\/p>\n<ul>\n<li>Originale dell\u2019atto di matrimonio (rilasciato ai sensi della Convenzione di Vienna 1976),<\/li>\n<li>Copia della Meldebescheinigung di entrambe le parti dell\u2019unione civile<\/li>\n<li>Copia di un valido documento di identit\u00e0 di entrambe le parti dell\u2019unione civile,<\/li>\n<li>Istanza di trascrizione<\/li>\n<\/ul>\n<p>Il matrimonio celebrato in Germania tra persone dello stesso sesso, ai sensi della vigente normativa italiana deve essere trascritto in Italia, e la trascrizione avverr\u00e0 sottoforma di unione civile.<\/p>\n","protected":false},"excerpt":{"rendered":"Il 5 giugno 2016 \u00e8 entrata in vigore nell\u2019ordinamento italiano la legge 20 maggio 2016, n. 76 \u201cRegolamentazione delle unioni civili tra persone dello stesso sesso e disciplina delle convivenze\u201d. Tra gli altri, la legge disciplina il legame fra due persone dello stesso sesso, denominato \u201cunione civile\u201d, dalla quale deriva una variazione dello stato civile [&hellip;]","protected":false},"author":32,"featured_media":0,"parent":179,"menu_order":0,"comment_status":"closed","ping_status":"closed","template":"","meta":{"footnotes":""},"class_list":["post-6376","page","type-page","status-publish","hentry"],"_links":{"self":[{"href":"https:\/\/consstoccarda.esteri.it\/it\/wp-json\/wp\/v2\/pages\/6376","targetHints":{"allow":["GET"]}}],"collection":[{"href":"https:\/\/consstoccarda.esteri.it\/it\/wp-json\/wp\/v2\/pages"}],"about":[{"href":"https:\/\/consstoccarda.esteri.it\/it\/wp-json\/wp\/v2\/types\/page"}],"author":[{"embeddable":true,"href":"https:\/\/consstoccarda.esteri.it\/it\/wp-json\/wp\/v2\/users\/32"}],"replies":[{"embeddable":true,"href":"https:\/\/consstoccarda.esteri.it\/it\/wp-json\/wp\/v2\/comments?post=6376"}],"version-history":[{"count":1,"href":"https:\/\/consstoccarda.esteri.it\/it\/wp-json\/wp\/v2\/pages\/6376\/revisions"}],"predecessor-version":[{"id":6382,"href":"https:\/\/consstoccarda.esteri.it\/it\/wp-json\/wp\/v2\/pages\/6376\/revisions\/6382"}],"up":[{"embeddable":true,"href":"https:\/\/consstoccarda.esteri.it\/it\/wp-json\/wp\/v2\/pages\/179"}],"wp:attachment":[{"href":"https:\/\/consstoccarda.esteri.it\/it\/wp-json\/wp\/v2\/media?parent=6376"}],"curies":[{"name":"wp","href":"https:\/\/api.w.org\/{rel}","templated":true}]}}