{"id":6685,"date":"2025-12-05T08:48:56","date_gmt":"2025-12-05T07:48:56","guid":{"rendered":"https:\/\/consstoccarda.esteri.it\/?page_id=6685"},"modified":"2025-12-05T08:48:56","modified_gmt":"2025-12-05T07:48:56","slug":"richiesta-cambio-di-comune-aire","status":"publish","type":"page","link":"https:\/\/consstoccarda.esteri.it\/it\/servizi-consolari-e-visti\/servizi-per-il-cittadino-italiano\/anagrafe-degli-italiani-residenti-allestero-aire\/richiesta-cambio-di-comune-aire\/","title":{"rendered":"Richiesta cambio di Comune AIRE"},"content":{"rendered":"<p>Si tratta di una procedura <strong>residuale<\/strong>, possibile <strong>solo ed esclusivamente<\/strong> nei seguenti casi:<\/p>\n<ol>\n<li>trasferimento nell\u2019AIRE di un comune nella cui APR (Anagrafe della Popolazione Residente in Italia) sono iscritti membri del nucleo familiare (*);<\/li>\n<li>trasferimento nell\u2019AIRE di un comune nella cui AIRE sono gi\u00e0 iscritti membri del proprio nucleo familiare (*);<\/li>\n<li>trasferimento nel comune di nascita (persone nate in Italia) oppure nel comune di trascrizione dell\u2019atto di nascita (persone nate all\u2019estero).<\/li>\n<\/ol>\n<p>(*) Per nucleo familiare (D.L. n. 69\/1988), s\u2019intende: coniugi, con esclusione del coniuge separato, e figli ed equiparati di et\u00e0 inferiore ai 18 anni compiuti (oppure senza limite di et\u00e0, qualora si trovino, a causa di infermit\u00e0 o difetto fisico o mentale, nell\u2019assoluta e permanente impossibilit\u00e0 di dedicarsi ad un proficuo lavoro, nel caso in sui essi siano orfani di entrambi i genitori e non abbiano conseguito il diritto a pensione ai superstiti)\u201c.<\/p>\n<ul>\n<li>Per spostare i figli minorenni\u00a0\u00e8 necessario allegare alla domanda\u00a0la dichiarazione di assenso firmata da entrambi i genitori; i figli maggiorenni, invece, devono presentare una richiesta di trasferimento separata.<\/li>\n<li>In caso di accettazione della domanda da parte dei Comuni italiani interessati, verr\u00e0 spostata anche l\u2019iscrizione nelle liste elettorali del nuovo comune AIRE.<\/li>\n<li>Le persone che non sono iscritte all\u2019AIRE non possono presentare direttamente la domanda di trasferimento presso un altro comune: prima devono essere iscritti AIRE nel Comune di ultima residenza in Italia, e solo dopo aver ricevuto la formale notifica dell\u2019iscrizione, possono chiedere il trasferimento ad un\u2019AIRE appartenente ad un diverso Comune.<\/li>\n<li>La domanda, valida unicamente per i cittadini iscritti nello schedario consolare di del Consolato Generale d\u2019Italia in Stoccarda, va inviata a mezzo posta. Per ottenere la modulistica necessaria, \u00e8 necessario scrivere una mail a anagrafe.stoccarda@esteri.it .<\/li>\n<\/ul>\n<p>Attenzione: la valutazione delle istanze \u00e8 di esclusiva competenza dei Comuni a cui il Consolato inoltrer\u00e0 la richiesta. In nessun caso \u00e8 possibile garantire in anticipo che la richiesta venga accettata.<\/p>\n<p>&nbsp;<\/p>\n","protected":false},"excerpt":{"rendered":"Si tratta di una procedura residuale, possibile solo ed esclusivamente nei seguenti casi: trasferimento nell\u2019AIRE di un comune nella cui APR (Anagrafe della Popolazione Residente in Italia) sono iscritti membri del nucleo familiare (*); trasferimento nell\u2019AIRE di un comune nella cui AIRE sono gi\u00e0 iscritti membri del proprio nucleo familiare (*); trasferimento nel comune di [&hellip;]","protected":false},"author":32,"featured_media":0,"parent":178,"menu_order":6,"comment_status":"closed","ping_status":"closed","template":"","meta":{"footnotes":""},"class_list":["post-6685","page","type-page","status-publish","hentry"],"_links":{"self":[{"href":"https:\/\/consstoccarda.esteri.it\/it\/wp-json\/wp\/v2\/pages\/6685","targetHints":{"allow":["GET"]}}],"collection":[{"href":"https:\/\/consstoccarda.esteri.it\/it\/wp-json\/wp\/v2\/pages"}],"about":[{"href":"https:\/\/consstoccarda.esteri.it\/it\/wp-json\/wp\/v2\/types\/page"}],"author":[{"embeddable":true,"href":"https:\/\/consstoccarda.esteri.it\/it\/wp-json\/wp\/v2\/users\/32"}],"replies":[{"embeddable":true,"href":"https:\/\/consstoccarda.esteri.it\/it\/wp-json\/wp\/v2\/comments?post=6685"}],"version-history":[{"count":1,"href":"https:\/\/consstoccarda.esteri.it\/it\/wp-json\/wp\/v2\/pages\/6685\/revisions"}],"predecessor-version":[{"id":6688,"href":"https:\/\/consstoccarda.esteri.it\/it\/wp-json\/wp\/v2\/pages\/6685\/revisions\/6688"}],"up":[{"embeddable":true,"href":"https:\/\/consstoccarda.esteri.it\/it\/wp-json\/wp\/v2\/pages\/178"}],"wp:attachment":[{"href":"https:\/\/consstoccarda.esteri.it\/it\/wp-json\/wp\/v2\/media?parent=6685"}],"curies":[{"name":"wp","href":"https:\/\/api.w.org\/{rel}","templated":true}]}}