{"id":6721,"date":"2025-12-05T09:22:52","date_gmt":"2025-12-05T08:22:52","guid":{"rendered":"https:\/\/consstoccarda.esteri.it\/?page_id=6721"},"modified":"2026-01-22T14:32:45","modified_gmt":"2026-01-22T13:32:45","slug":"cittadini-minorenni","status":"publish","type":"page","link":"https:\/\/consstoccarda.esteri.it\/it\/servizi-consolari-e-visti\/servizi-per-il-cittadino-italiano\/anagrafe-degli-italiani-residenti-allestero-aire\/cittadini-minorenni\/","title":{"rendered":"Cittadini minorenni"},"content":{"rendered":"<p>L\u2019iscrizione all\u2019AIRE \u00e8 obbligatoria per tutti i minori italiani, anche se in possesso di doppia cittadinanza.<\/p>\n<p>L\u2019iscrizione all\u2019AIRE per i minorenni nati nella nostra circoscrizione e qui residenti avviene insieme alla <a href=\"https:\/\/consstoccarda.esteri.it\/it\/servizi-consolari-e-visti\/servizi-per-il-cittadino-italiano\/stato-civile\/registrazione-di-una-nascita-avvenuta-allestero\/\">trascrizione dell\u2019atto di nascita<\/a> presso il Comune italiano di riferimento.<\/p>\n<p>Se il minore \u00e8 nato in Italia, oppure \u00e8 nato all\u2019estero e la sua nascita \u00e8 gi\u00e0 stata registrata in Italia, deve essere incluso nella richiesta di iscrizione A.I.R.E. del nucleo familiare. Si ricorda che in tale domanda devono essere indicati anche i coniugi stranieri qualora questi siano conviventi, per i quali deve essere allegata la documentazione indicata in precedenza (firma sul modulo, documento di identit\u00e0 e prova di residenza recente).<\/p>\n<p>Nel caso in cui la domanda di iscrizione del minore venga presentata da solo uno dei due genitori, la richiesta di iscrizione deve essere accompagnata dal <strong><a href=\"https:\/\/consstoccarda.esteri.it\/wp-content\/uploads\/2023\/10\/assenso-aire-minori.pdf\">modulo di assenso<\/a><\/strong>,\u00a0compilato e firmato dal genitore non convivente. La domanda deve presentare anche una copia del documento di identit\u00e0 di quest\u2019ultimo.<\/p>\n<p>Si informa inoltre che nel caso in cui il genitore non convivente sia originario di un paese extra-europeo, sar\u00e0 necessario far autenticare la firma sul modulo di assenso presso un pubblico ufficio. Per fare ci\u00f2, la persona interessata pu\u00f2 recarsi presso una delle nostre rappresentanze o presso gli uffici locali di polizia pi\u00f9 vicini a s\u00e9.<\/p>\n<p>Se il minorenne italiano vive in Germania <strong>solo con il genitore non italiano<\/strong>, la richiesta <strong>non pu\u00f2 essere trasmessa via Fast-it.<\/strong> Si prega di scrivere una mail all\u2019indirizzo <a href=\"mailto:anagrafe.stoccarda@esteri.it\">anagrafe.stoccarda@esteri.it<\/a> con oggetto \u201cISCRIZIONE DI MINORE RESIDENTE CON GENITORE STRANIERO\u201d e di seguire le indicazioni che verranno fornite.<\/p>\n","protected":false},"excerpt":{"rendered":"L\u2019iscrizione all\u2019AIRE \u00e8 obbligatoria per tutti i minori italiani, anche se in possesso di doppia cittadinanza. L\u2019iscrizione all\u2019AIRE per i minorenni nati nella nostra circoscrizione e qui residenti avviene insieme alla trascrizione dell\u2019atto di nascita presso il Comune italiano di riferimento. Se il minore \u00e8 nato in Italia, oppure \u00e8 nato all\u2019estero e la sua [&hellip;]","protected":false},"author":32,"featured_media":0,"parent":178,"menu_order":6,"comment_status":"closed","ping_status":"closed","template":"","meta":{"footnotes":""},"class_list":["post-6721","page","type-page","status-publish","hentry"],"_links":{"self":[{"href":"https:\/\/consstoccarda.esteri.it\/it\/wp-json\/wp\/v2\/pages\/6721","targetHints":{"allow":["GET"]}}],"collection":[{"href":"https:\/\/consstoccarda.esteri.it\/it\/wp-json\/wp\/v2\/pages"}],"about":[{"href":"https:\/\/consstoccarda.esteri.it\/it\/wp-json\/wp\/v2\/types\/page"}],"author":[{"embeddable":true,"href":"https:\/\/consstoccarda.esteri.it\/it\/wp-json\/wp\/v2\/users\/32"}],"replies":[{"embeddable":true,"href":"https:\/\/consstoccarda.esteri.it\/it\/wp-json\/wp\/v2\/comments?post=6721"}],"version-history":[{"count":5,"href":"https:\/\/consstoccarda.esteri.it\/it\/wp-json\/wp\/v2\/pages\/6721\/revisions"}],"predecessor-version":[{"id":6995,"href":"https:\/\/consstoccarda.esteri.it\/it\/wp-json\/wp\/v2\/pages\/6721\/revisions\/6995"}],"up":[{"embeddable":true,"href":"https:\/\/consstoccarda.esteri.it\/it\/wp-json\/wp\/v2\/pages\/178"}],"wp:attachment":[{"href":"https:\/\/consstoccarda.esteri.it\/it\/wp-json\/wp\/v2\/media?parent=6721"}],"curies":[{"name":"wp","href":"https:\/\/api.w.org\/{rel}","templated":true}]}}