{"id":6740,"date":"2025-12-05T09:38:09","date_gmt":"2025-12-05T08:38:09","guid":{"rendered":"https:\/\/consstoccarda.esteri.it\/?page_id=6740"},"modified":"2026-01-21T11:52:28","modified_gmt":"2026-01-21T10:52:28","slug":"iscrizione-aire-trasferimento-dallitalia-allestero","status":"publish","type":"page","link":"https:\/\/consstoccarda.esteri.it\/it\/servizi-consolari-e-visti\/servizi-per-il-cittadino-italiano\/anagrafe-degli-italiani-residenti-allestero-aire\/iscrizione-aire-trasferimento-dallitalia-allestero\/","title":{"rendered":"Iscrizione AIRE (trasferimento dall\u2019Italia all\u2019estero)"},"content":{"rendered":"<p>L\u2019A.I.R.E. \u00e8 l\u2019Anagrafe degli Italiani Residenti all\u2019Estero, un registro anagrafico tenuto dai Comuni italiani sulla base delle informazioni trasmesse dai Consolati italiani all\u2019estero.<\/p>\n<p>L\u2019<strong>iscrizione all\u2019A.I.R.E. \u00e8 un obbligo di legge <\/strong>(Legge nr. 470\/1988) per i cittadini italiani che risiedono stabilmente all\u2019estero. Dal 1 gennaio 2024 chi <strong>non rispetta <\/strong>gli <strong>obblighi di iscrizione<\/strong> <strong>A.I.R.E. <\/strong>pu\u00f2 ricevere una <strong>multa <\/strong>fino a un massimo di 1.000\u20ac per ogni anno di mancata iscrizione, fino a un massimo di 5 anni (<a href=\"https:\/\/www.gazzettaufficiale.it\/eli\/gu\/2023\/12\/30\/303\/so\/40\/sg\/pdf\">art.1, comma 242 L. 213\/2023<\/a>). La decisione in merito \u00e8 di esclusiva competenza del Comune di ultima residenza in Italia. Per ogni informazione \u00e8 quindi necessario contattare il Comune.<\/p>\n<p>La dichiarazione di trasferimento di residenza all\u2019estero deve essere resa dall\u2019interessato all\u2019Ufficio consolare competente entro 90 giorni dal trasferimento della residenza e comporta la contestuale cancellazione dall\u2019Anagrafe della Popolazione Residente (A.P.R.) del Comune di provenienza.<\/p>\n<p>Oltre ad essere un obbligo di legge, l\u2019iscrizione all\u2019A.I.R.E. \u00e8 necessaria per poter fruire dei servizi consolari (ad esempio per il rilascio della carta d\u2019identit\u00e0 elettronica, del passaporto), per votare nella Circoscrizione elettorale estero e per ricevere le comunicazioni provenienti dalle Autorit\u00e0 italiane.<\/p>\n<p>Devono iscriversi all\u2019A.I.R.E.:<\/p>\n<ul>\n<li>i cittadini che fissano all\u2019estero la residenza stabile (con l\u2019<strong>intenzione <\/strong>di rimanervi per 12 mesi);<\/li>\n<li>quelli che gi\u00e0 vi risiedono, sia perch\u00e9 nati all\u2019estero che per successivo acquisto della cittadinanza italiana a qualsiasi titolo.<\/li>\n<\/ul>\n<p>Non devono iscriversi all\u2019A.I.R.E.:<\/p>\n<ul>\n<li>i cittadini che si recano all\u2019estero per un periodo di tempo inferiore ad un anno;<\/li>\n<li>i lavoratori stagionali;<\/li>\n<li>i dirigenti scolastici, docenti e personale amministrativo della scuola collocati fuori ruolo ed inviati all\u2019estero nell\u2019ambito di attivit\u00e0 scolastiche fuori dal territorio nazionale;<\/li>\n<li>i dipendenti di ruolo dello Stato in servizio all\u2019estero, che siano notificati ai sensi delle Convenzioni di Vienna sulle relazioni diplomatiche e sulle relazioni consolari rispettivamente del 1961 e del 1963;<\/li>\n<li>i militari italiani in servizio presso gli uffici e le strutture della NATO dislocate all\u2019estero.<\/li>\n<\/ul>\n<p><strong>Attenzione: I comuni tedeschi non inviano automaticamente al Consolato Generale i certificati di residenza dei nuovi arrivati e nemmeno di coloro che hanno cambiato indirizzo. Di conseguenza, \u00e8 onere di ognuno provvedere a regolare la propria iscrizione anagrafica presso gli uffici consolari competenti.<\/strong><\/p>\n<p><strong>Come si presenta la richiesta di iscrizione?<\/strong><\/p>\n<p>Le\u00a0richieste di iscrizione\u00a0all\u2019AIRE e tutte le comunicazioni relative ai\u00a0cambi di indirizzo, cos\u00ec come i trasferimenti di circoscrizione consolare (persone gi\u00e0 iscritte ad esempio da Francoforte a Stoccarda e viceversa) <strong>devono essere presentate attraverso il portale <a href=\"https:\/\/serviziconsolari.esteri.it\/home\">Fast-It<\/a><\/strong><strong>, <\/strong>compilando l\u2019apposito modulo e allegando la documentazione necessaria.<\/p>\n<p>A questo<a href=\"https:\/\/consfriburgo.esteri.it\/consolato_friburgo\/it\/i_servizi\/per_i_cittadini\/anagrafe\/fast-it-tutorial-iscrizione-all.html\">\u00a0link<\/a>, \u00e8 possibile prendere visione di alcuni\u00a0<a href=\"https:\/\/consfriburgo.esteri.it\/consolato_friburgo\/it\/i_servizi\/per_i_cittadini\/anagrafe\/fast-it-tutorial-iscrizione-all.html\">tutorial<\/a>\u00a0relativi all\u00b4utilizzo del portale FAST IT. A questa\u00a0<a href=\"https:\/\/consstoccarda.esteri.it\/consolato_stoccarda\/it\/banner_home\/fast-it.html\">pagina<\/a>, infine \u00e8 possibile visionare alcune informazioni generali sull\u2019utilizzo del portale.<\/p>\n<p>E\u2019 possibile creare un account su Fast-it con SPID, Carta d\u2019Identit\u00e0 Elettronica (CIE) oppure semplicemente con un indirizzo mail (fino al 31\/03\/2026). Una volta creato l\u2019account, dovr\u00e0 essere confemato cliccando sulla mail di conferma che verr\u00e0 inviata automaticamente. Attenzione: la creazione dell\u2019utenza NON \u00e8 la richiesta di iscrizione. Una volta confermata l\u2019utenza sar\u00e0 possibile presentare la richiesta.<\/p>\n<p>La richiesta di iscrizione \u00e8 completa quando si caricano i documenti richiesti e si invia la pratica. Lo stato della pratica presentata correttamente \u00e8: \u201cPresentata\u201d.<\/p>\n<p>Se la richiesta \u00e8 incompleta verr\u00e0 inviata una segnalazione e sar\u00e0 necessario integrare la domanda con la documentazione mancante <strong>entro 30 giorni <\/strong>affinch\u00e9 questa possa essere elaborata. In caso di mancato completamento il sistema canceller\u00e0 automaticamente la richiesta e dovr\u00e0 essere presentata una nuova istanza.<\/p>\n<p>Nella richiesta devono essere indicati tutti i familiari conviventi, anche se minori o stranieri (ad esempio nel caso in cui uno dei due coniugi non sia italiano).<\/p>\n<p>Attenzione: Il limite di dimensione del singolo allegato \u00e8 di 1 MB: il sistema ridimensiona i file jpeg (fotografia). Se si hanno difficolt\u00e0 a caricare un PDF (a causa delle dimensioni superiori a 1MB), si prega di caricare una fotografia del documento &#8211; attenzione: il contenuto del documento deve risultare leggibile. \u00c8 possibile caricare molteplici allegati.<\/p>\n<p><span style=\"text-decoration: underline;\"><strong>Per l\u2019iscrizione A.I.R.E vanno caricati sul portale:<\/strong><\/span><\/p>\n<ol>\n<li><strong>Modulo di richiesta<\/strong><\/li>\n<\/ol>\n<p>Il modulo di iscrizione si compila on-line. Al termine della compilazione viene generato automaticamente dal sistema, deve essere stampato e firmato da tutte le persone maggiorenni indicate come conviventi. ATTENZIONE: sono accettabili firme autografe (manuali) <strong>solo se corrispondenti alla firma sui documenti di identit\u00e0<\/strong>, in alternativa potranno essere firmati i moduli con firma digitale SPID\/CIE.<strong> Si prega di leggere con attenzione la parte finale del modulo dove vanno inserite le firme.<\/strong><\/p>\n<p><strong>In caso di figli minori \u00e8 obbligatorio inserire nel modulo il nome\/cognome dei rispettivi genitori.<\/strong><\/p>\n<p><strong>In caso di problemi tecnici si consiglia di:<\/strong><\/p>\n<ul>\n<li>Utilizzare un device diverso (preferibilmente un PC)<\/li>\n<li>Attendere che eventuali problemi temporanei siano superati<\/li>\n<li>Caricare file foto (jpeg) e non PDF &#8211; <strong>assicurandosi che il contenuto risulti ben visibile<\/strong><\/li>\n<\/ul>\n<p>In caso di assoluta impossibilit\u00e0 a completare la domanda tramite il portale Fast It e per giustificata necessit\u00e0 sar\u00e0 possibile contattare l\u2019ufficio all\u2019indirizzo <a href=\"mailto:anagrafe.stoccarda@esteri.it\">anagrafe.stoccarda@esteri.it<\/a>, <span style=\"text-decoration: underline;\">allegando lo screenshot del problema<\/span> riscontrato sul portale. L\u2019operatore consolare fornir\u00e0 tutte le indicazioni del caso.<\/p>\n<p>&nbsp;<\/p>\n<ol start=\"2\">\n<li><strong>Documento d\u2019identit\u00e0 <u>valido per tutte le persone inserite nel modulo<\/u><\/strong><\/li>\n<\/ol>\n<ul>\n<li>Copia del <strong>passaporto <\/strong>(compresa la pagina con la foto\/firma e le due pagine successive) oppure copia <strong>fronte-retro della carta di identit\u00e0 <\/strong> In caso di doppia cittadinanza, se non in possesso di un valido documento di identit\u00e0 italiano dovr\u00e0 essere caricato copia di un passaporto unitamente alla prova del possesso della cittadinanza italiana. Per i cittadini italiani nati all\u2019estero potrebbe rendersi necessario un certificato (rilasciato dal Comune italiano competente) con gli estremi di trascrizione in Italia dell\u2019atto di nascita straniero.<\/li>\n<li>In presenza di pi\u00f9 membri del nucleo familiare vanno allegati i documenti di identit\u00e0 di tutti i componenti conviventi, sia italiani che stranieri.<\/li>\n<\/ul>\n<ol start=\"3\">\n<li><strong> Prova di residenza<\/strong><\/li>\n<\/ol>\n<p>Certificato di iscrizione (Hauptwohnsitz) presso il Comune tedesco (Anmeldebest\u00e4tigung\u00a0oppure\u00a0Meldebescheinigung) per tutte le persone inserite nel modulo. L\u2019indirizzo sul certificato tedesco <strong>deve essere lo stesso indicato nel modulo di richiesta<\/strong>.<\/p>\n<p>Sar\u00e0 cura dell\u2019operatore consolare, una volta controllata l\u2019esattezza della documentazione prodotta, trasmettere l\u2019istanza al Comune di competenza. Sar\u00e0 il Comune italiano a confermare direttamente al cittadino l\u2019avvenuta iscrizione. La decorrenza dell\u2019iscrizione viene stabilita dal Comune.<\/p>\n<p>Il richiedente pu\u00f2 verificare in ogni momento tramite Fast-it lo stato della domanda. Si ricorda che i certificati d\u2019iscrizione all\u2019AIRE possono essere rilasciati solo dal Comune italiano: lo stato della domanda disponibile in <a href=\"https:\/\/serviziconsolari.esteri.it\/ScoFE\/index.sco\">Fast-it<\/a> <strong>non<\/strong> \u00e8 un certificato di iscrizione AIRE.<\/p>\n","protected":false},"excerpt":{"rendered":"L\u2019A.I.R.E. \u00e8 l\u2019Anagrafe degli Italiani Residenti all\u2019Estero, un registro anagrafico tenuto dai Comuni italiani sulla base delle informazioni trasmesse dai Consolati italiani all\u2019estero. L\u2019iscrizione all\u2019A.I.R.E. \u00e8 un obbligo di legge (Legge nr. 470\/1988) per i cittadini italiani che risiedono stabilmente all\u2019estero. Dal 1 gennaio 2024 chi non rispetta gli obblighi di iscrizione A.I.R.E. pu\u00f2 ricevere [&hellip;]","protected":false},"author":32,"featured_media":0,"parent":178,"menu_order":6,"comment_status":"closed","ping_status":"closed","template":"","meta":{"footnotes":""},"class_list":["post-6740","page","type-page","status-publish","hentry"],"_links":{"self":[{"href":"https:\/\/consstoccarda.esteri.it\/it\/wp-json\/wp\/v2\/pages\/6740","targetHints":{"allow":["GET"]}}],"collection":[{"href":"https:\/\/consstoccarda.esteri.it\/it\/wp-json\/wp\/v2\/pages"}],"about":[{"href":"https:\/\/consstoccarda.esteri.it\/it\/wp-json\/wp\/v2\/types\/page"}],"author":[{"embeddable":true,"href":"https:\/\/consstoccarda.esteri.it\/it\/wp-json\/wp\/v2\/users\/32"}],"replies":[{"embeddable":true,"href":"https:\/\/consstoccarda.esteri.it\/it\/wp-json\/wp\/v2\/comments?post=6740"}],"version-history":[{"count":6,"href":"https:\/\/consstoccarda.esteri.it\/it\/wp-json\/wp\/v2\/pages\/6740\/revisions"}],"predecessor-version":[{"id":6988,"href":"https:\/\/consstoccarda.esteri.it\/it\/wp-json\/wp\/v2\/pages\/6740\/revisions\/6988"}],"up":[{"embeddable":true,"href":"https:\/\/consstoccarda.esteri.it\/it\/wp-json\/wp\/v2\/pages\/178"}],"wp:attachment":[{"href":"https:\/\/consstoccarda.esteri.it\/it\/wp-json\/wp\/v2\/media?parent=6740"}],"curies":[{"name":"wp","href":"https:\/\/api.w.org\/{rel}","templated":true}]}}