{"id":6774,"date":"2025-12-05T10:11:00","date_gmt":"2025-12-05T09:11:00","guid":{"rendered":"https:\/\/consstoccarda.esteri.it\/?page_id=6774"},"modified":"2025-12-05T10:12:15","modified_gmt":"2025-12-05T09:12:15","slug":"aire-faq","status":"publish","type":"page","link":"https:\/\/consstoccarda.esteri.it\/it\/servizi-consolari-e-visti\/servizi-per-il-cittadino-italiano\/anagrafe-degli-italiani-residenti-allestero-aire\/aire-faq\/","title":{"rendered":"AIRE \u2013 FAQ"},"content":{"rendered":"<ol>\n<li><strong><em>Posso avere una doppia residenza, cio\u00e8 fare l\u2019Anmeldung presso un comune tedesco e nel frattempo continuare ad essere residente in Italia senza iscrivermi all\u2019A.I.R.E.?\u201d<\/em><\/strong><\/li>\n<\/ol>\n<p>No. Nell\u2019ordinamento italiano \u00e8 possibile avere una sola residenza. Dunque chi registra presso un comune tedesco una residenza (Hauptwohnsitz) con l\u2019intenzione di rimanere per 12 mesi <strong>deve <\/strong>iscriversi all\u2019A.I.R.E entro 90 giorni dall\u2019arrivo in Germania.<\/p>\n<ol start=\"2\">\n<li><strong><em>Siamo in Unione Europea. Perch\u00e9 non avete gi\u00e0 tutte le informazioni automaticamente dalla Germania?<\/em><\/strong><\/li>\n<\/ol>\n<p>Per motivi di protezione dei dati, ai sensi della normativa vigente. Inoltre gli obblighi anagrafici e di stato civile italiani fanno capo direttamente al cittadino, nessuna autorit\u00e0 tedesca si fa carico di questi obblighi.<\/p>\n<ol start=\"3\">\n<li><strong><em>Ho cambiato indirizzo, ci pensa il comune tedesco a comunicarlo?<\/em><\/strong><\/li>\n<\/ol>\n<p>No. <strong>I comuni tedeschi non inviano automaticamente al Consolato Generale i certificati di residenza dei nuovi arrivati <\/strong>e nemmeno di coloro che hanno cambiato indirizzo. Di conseguenza, \u00e8 onere di ognuno provvedere a regolare la propria iscrizione anagrafica presso gli uffici consolari competenti.<\/p>\n<ol start=\"4\">\n<li><strong><em>Sono proprietario di una casa in Italia, se mi iscrivo all\u2019AIRE pu\u00f2 figurare come prima casa?<\/em><\/strong><\/li>\n<\/ol>\n<p>La materia \u00e8 di esclusiva competenza dei Comuni, e sar\u00e0 necessario contattare l\u2019ufficio tributi del relativo comune per informazioni.<\/p>\n<ol start=\"5\">\n<li><strong><em>Sono residente in Germania ma non voglio perdere il medico di base italiano. Si pu\u00f2?<\/em><\/strong><\/li>\n<\/ol>\n<p>No. Se si \u00e8 residenti all\u2019estero \u00e8 obbligatorio iscriversi all\u2019AIRE. Con l\u2019iscrizione all\u2019AIRE decade l\u2019iscrizione al Servizio Sanitario Nazionale. Il cittadino residente in UE, a carico di un altro servizio sanitario europeo usifruisce della copertura sanitaria europea. Ai cittaidni italiani anche se iscritti AIRE il SSN garantisce alcune cure mediche. Per ogni ulteriore informazione \u00e8 necessario contattare la ASL di riferimento.<\/p>\n<ol start=\"6\">\n<li><strong><em>Ho comprato casa in un comune diverso da quello di iscrizione AIRE. Posso cambiare per questo il comune AIRE<\/em><\/strong><\/li>\n<\/ol>\n<p>No. La normativa prevede casi specifici per il cambiamento di comune AIRE, e questo non \u00e8 un caso previsto.<\/p>\n<ol start=\"7\">\n<li><em><strong>Non riesco ad accedere a Fast-it<\/strong>:<\/em><\/li>\n<\/ol>\n<p>In caso di problemi tecnici si consiglia di:<\/p>\n<ul>\n<li>Utilizzare un device diverso (preferibilmente un PC)<\/li>\n<li>Attendere che eventuali problemi temporanei siano superati<\/li>\n<li>Caricare file foto (jpeg) e non PDF<\/li>\n<\/ul>\n<p>In caso di assoluta impossibilit\u00e0 a completare la domanda tramite il portale Fast It e per giustificata necessit\u00e0 sar\u00e0 possibile contattare l\u2019ufficio all\u2019indirizzo <a href=\"mailto:anagrafe.stoccarda@esteri.it\">anagrafe.stoccarda@esteri.it<\/a>, <u>allegando lo screenshot del problema riscontrato sul portale<\/u>. L\u2019operatore consolare fornir\u00e0 tutte le indicazioni del caso.<\/p>\n<ol start=\"8\">\n<li><strong><em>Ho perso la password per accedere a Fast-it o non ho pi\u00f9 le credenziali SPID<\/em><\/strong><\/li>\n<\/ol>\n<p>Potrete richiedere un reset della password. Se ci\u00f2 non funziona bisogner\u00e0 scrivere una mail a <a href=\"mailto:anagrafe.stoccarda@esteri.it\">anagrafe.stoccarda@esteri.it<\/a> indicando come oggetto \u201cCREDENZIALI FAST-IT\u201d. In caso di impossibilit\u00e0 ad utilizzare credenziali SPID gi\u00e0 utilizzate su fast-it, sar\u00e0 necessario indicare nella mail un indirizzo di posta elettronica da usare in futuro e allegare copia di un valido documento di identit\u00e0.<\/p>\n<ol start=\"9\">\n<li><em><strong>Ho caricato su Fast-it ma il sistema rifiuta il file!<\/strong><\/em><\/li>\n<\/ol>\n<p>Se si sta caricando un file PDF, probabilmente \u00e8 troppo \u201cpesante\u201d. Si consiglia di caricare fotografia (file jpeg), che viene automaticamente ridimensionata dal sistema.<\/p>\n","protected":false},"excerpt":{"rendered":"Posso avere una doppia residenza, cio\u00e8 fare l\u2019Anmeldung presso un comune tedesco e nel frattempo continuare ad essere residente in Italia senza iscrivermi all\u2019A.I.R.E.?\u201d No. Nell\u2019ordinamento italiano \u00e8 possibile avere una sola residenza. Dunque chi registra presso un comune tedesco una residenza (Hauptwohnsitz) con l\u2019intenzione di rimanere per 12 mesi deve iscriversi all\u2019A.I.R.E entro 90 [&hellip;]","protected":false},"author":32,"featured_media":0,"parent":178,"menu_order":6,"comment_status":"closed","ping_status":"closed","template":"","meta":{"footnotes":""},"class_list":["post-6774","page","type-page","status-publish","hentry"],"_links":{"self":[{"href":"https:\/\/consstoccarda.esteri.it\/it\/wp-json\/wp\/v2\/pages\/6774","targetHints":{"allow":["GET"]}}],"collection":[{"href":"https:\/\/consstoccarda.esteri.it\/it\/wp-json\/wp\/v2\/pages"}],"about":[{"href":"https:\/\/consstoccarda.esteri.it\/it\/wp-json\/wp\/v2\/types\/page"}],"author":[{"embeddable":true,"href":"https:\/\/consstoccarda.esteri.it\/it\/wp-json\/wp\/v2\/users\/32"}],"replies":[{"embeddable":true,"href":"https:\/\/consstoccarda.esteri.it\/it\/wp-json\/wp\/v2\/comments?post=6774"}],"version-history":[{"count":2,"href":"https:\/\/consstoccarda.esteri.it\/it\/wp-json\/wp\/v2\/pages\/6774\/revisions"}],"predecessor-version":[{"id":6777,"href":"https:\/\/consstoccarda.esteri.it\/it\/wp-json\/wp\/v2\/pages\/6774\/revisions\/6777"}],"up":[{"embeddable":true,"href":"https:\/\/consstoccarda.esteri.it\/it\/wp-json\/wp\/v2\/pages\/178"}],"wp:attachment":[{"href":"https:\/\/consstoccarda.esteri.it\/it\/wp-json\/wp\/v2\/media?parent=6774"}],"curies":[{"name":"wp","href":"https:\/\/api.w.org\/{rel}","templated":true}]}}