{"id":7076,"date":"2026-01-29T15:48:03","date_gmt":"2026-01-29T14:48:03","guid":{"rendered":"https:\/\/consstoccarda.esteri.it\/?page_id=7076"},"modified":"2026-01-29T15:48:03","modified_gmt":"2026-01-29T14:48:03","slug":"vari-interventi-di-assistenza-consolare","status":"publish","type":"page","link":"https:\/\/consstoccarda.esteri.it\/it\/servizi-consolari-e-visti\/servizi-per-il-cittadino-italiano\/assistenza-ai-cittadini-allestero\/vari-interventi-di-assistenza-consolare\/","title":{"rendered":"Vari interventi di assistenza consolare"},"content":{"rendered":"<h5><strong>Radiazione Autoveicoli e Patenti di guida<\/strong><\/h5>\n<p>Dal 1 gennaio 2020 gli Uffici consolari non accetteranno pi\u00f9 richieste di cancellazione dal PRA di veicoli esportati all\u2019estero in data successiva. Dal 1 gennaio 2020, infatti, entrer\u00e0 in vigore una nuova disciplina che regolamenta la radiazione di veicoli dal Pubblico Registro Automobilistico (PRA) per definitiva esportazione all\u2019estero. Il nuovo art. 103 del Codice della Strada prevede che la cancellazione dal PRA per definitiva esportazione all\u2019estero di autoveicoli, motoveicoli o rimorchi sia disposta a condizione che i suddetti siano stati sottoposti a revisione, con esito positivo, in data non anteriore a sei mesi rispetto alla data di richiesta di radiazione. Pertanto, dal 1 gennaio 2020, la radiazione dovr\u00e0 essere richiesta PRIMA che il veicolo venga esportato, in modo da consentire il controllo dell\u2019avvenuta revisione nei tempi stabiliti dalla legge. Una volta effettuata la radiazione, il veicolo cancellato potr\u00e0 circolare su strada per raggiungere i transiti di confine per l\u2019esportazione solo se munito del foglio di via e della targa provvisoria prevista dall\u2019art. 99 del Codice della Strada. In fase di prima applicazione della nuova disciplina il veicolo radiato sar\u00e0 munito anche della carta di circolazione originale annullata per esportazione e non valida per la circolazione.<\/p>\n<p><em>Per informazioni generali in materia di patenti di guida si veda <\/em><a href=\"https:\/\/www.esteri.it\/it\/servizi-consolari-e-visti\/italiani-all-estero\/autoveicoli_e_patenti\/patenteguida\/\"><em>il sito del Ministero degli Affari Esteri e della Cooperazione Internazionale<\/em><\/a><em>.<\/em><\/p>\n<p><em>Ai sensi della normativa vigente, in caso di rinnovo della patente di guida italiana, i cittadini stabilmente residenti in Germania dovranno necessariamente richiedere la conversione in patente di guida locale rivolgendosi alla competente autorit\u00e0 (F\u00fchrerscheinstelle).<\/em><\/p>\n<h5>Famiglia<\/h5>\n<p>L\u2019ufficio consolare svolge interventi di carattere sociale presso le autorit\u00e0 italiane e\/o locali. Segue inoltre casi di minorenni in situazione di particolare disagio.<\/p>\n<h6>Liste di Professionisti e di Patronati attivi nella Circoscrizione Consolare di Stoccarda:\u00a0<a href=\"https:\/\/consstoccarda.esteri.it\/it\/servizi-consolari-e-visti\/servizi-per-il-cittadino-italiano\/modulistica\/\">clicca qui<\/a><\/h6>\n<h5>Ricerca di connazionali<\/h5>\n<p>Per la ricerca di persone scomparse e gi\u00e0 residenti nel Baden-W\u00fcrttemberg possono essere effettuati interventi presso le Autorit\u00e0 competenti locali. I familiari dovranno inoltrare all\u2019Ufficio L.A.S. apposita domanda motivata con l\u2019indicazione dei propri dati anagrafici (allegando il proprio documento d\u2019identit\u00e0) e di quelli dello scomparso indicando l\u2019ultima residenza conosciuta ed ogni altro elemento utile al suo rintraccio.<\/p>\n<p>Si prega di contattare l\u2019ufficio via mail, fornendo tutti i dettagli del caso, un recapito telefonico ed una copia del documento di identit\u00e0.<\/p>\n","protected":false},"excerpt":{"rendered":"Radiazione Autoveicoli e Patenti di guida Dal 1 gennaio 2020 gli Uffici consolari non accetteranno pi\u00f9 richieste di cancellazione dal PRA di veicoli esportati all\u2019estero in data successiva. Dal 1 gennaio 2020, infatti, entrer\u00e0 in vigore una nuova disciplina che regolamenta la radiazione di veicoli dal Pubblico Registro Automobilistico (PRA) per definitiva esportazione all\u2019estero. Il [&hellip;]","protected":false},"author":32,"featured_media":0,"parent":181,"menu_order":10,"comment_status":"closed","ping_status":"closed","template":"","meta":{"footnotes":""},"class_list":["post-7076","page","type-page","status-publish","hentry"],"_links":{"self":[{"href":"https:\/\/consstoccarda.esteri.it\/it\/wp-json\/wp\/v2\/pages\/7076","targetHints":{"allow":["GET"]}}],"collection":[{"href":"https:\/\/consstoccarda.esteri.it\/it\/wp-json\/wp\/v2\/pages"}],"about":[{"href":"https:\/\/consstoccarda.esteri.it\/it\/wp-json\/wp\/v2\/types\/page"}],"author":[{"embeddable":true,"href":"https:\/\/consstoccarda.esteri.it\/it\/wp-json\/wp\/v2\/users\/32"}],"replies":[{"embeddable":true,"href":"https:\/\/consstoccarda.esteri.it\/it\/wp-json\/wp\/v2\/comments?post=7076"}],"version-history":[{"count":1,"href":"https:\/\/consstoccarda.esteri.it\/it\/wp-json\/wp\/v2\/pages\/7076\/revisions"}],"predecessor-version":[{"id":7077,"href":"https:\/\/consstoccarda.esteri.it\/it\/wp-json\/wp\/v2\/pages\/7076\/revisions\/7077"}],"up":[{"embeddable":true,"href":"https:\/\/consstoccarda.esteri.it\/it\/wp-json\/wp\/v2\/pages\/181"}],"wp:attachment":[{"href":"https:\/\/consstoccarda.esteri.it\/it\/wp-json\/wp\/v2\/media?parent=7076"}],"curies":[{"name":"wp","href":"https:\/\/api.w.org\/{rel}","templated":true}]}}