{"id":7136,"date":"2026-01-29T16:24:49","date_gmt":"2026-01-29T15:24:49","guid":{"rendered":"https:\/\/consstoccarda.esteri.it\/?page_id=7136"},"modified":"2026-01-29T16:25:43","modified_gmt":"2026-01-29T15:25:43","slug":"servizi-notarili","status":"publish","type":"page","link":"https:\/\/consstoccarda.esteri.it\/it\/italia-e-germania\/diplomazia-culturale\/missioni-archeologiche\/servizi-notarili\/","title":{"rendered":"Servizi notarili"},"content":{"rendered":"<h5>L\u2019ufficio riceve su appuntamento, da fissare tramite <a href=\"https:\/\/prenotami.esteri.it\/\">prenot@mi<\/a>.<\/h5>\n<h6>L\u2019appuntamento \u00e8 strettamente necessario per i servizi notarili. In mancanza di appuntamento, l\u2019accesso agli uffici consolari non sar\u00e0 consentito.<\/h6>\n<h5>AVVISO<\/h5>\n<p><em>Con Decreto del Ministro degli Affari Esteri del 31.10.2011, registrato presso la Corte dei Conti in data 06.12.2011, \u00e8 stato disposto che, a partire dal 1\u00b0 gennaio 2012, i Capi degli Uffici consolari aventi sede in Austria, Belgio, Francia, Germania e Lettonia non esercitano funzioni notarili, tenuto conto che i notariati presenti in tali Paesi hanno aderito all\u2019Unione Internazionale del Notariato (U.I.N.L.) e hanno proceduto alla dichiarazione di cui all\u00b4art. 6 della Convenzione di Bruxelles del 25.05.1987 sull\u2019esenzione dalla legalizzazione di atti negli Stati membri della CEE o stipulato in merito Convenzioni bilaterali con l\u00b4Italia.<\/em><\/p>\n<p><em>I Capi degli Uffici consolari nei suddetti Paesi continuano in ogni caso a ricevere, a richiesta di cittadini italiani, testamenti pubblici, segreti ovvero internazionali.<\/em><\/p>\n<p><em>Alla luce delle nuove disposizioni, a partire dal 1\u00b0 gennaio 2012, per gli atti notarili ci si dovr\u00e0 rivolgere ai notai in loco consultando il sito\u00a0<\/em><a href=\"http:\/\/www.deutsche-notarauskunft.de\/\"><em>http:\/\/www.deutsche-notarauskunft.de\/<\/em><\/a><em>\u00a0al fine di autenticare la firma a margine di scritture private o previa traduzione in lingua tedesca del testo.<\/em><\/p>\n<p><em>Si consiglia ad ogni buon fine di seguire la seguente prassi:<\/em><\/p>\n<ol>\n<li><em>farsi rilasciare da un notaio italiano la procura in forma di scrittura privata completa in ogni sua parte<\/em><\/li>\n<li><em>recarsi da un notaio tedesco al fine di far autenticare la propria firma<\/em><\/li>\n<li><em>tradurre l\u2019autentica della firma (se necessario) rivolgendosi ad un traduttore giurato con firma depositata presso questo Consolato Generale (<\/em><a href=\"https:\/\/consstoccarda.esteri.it\/it\/servizi-consolari-e-visti\/servizi-per-il-cittadino-italiano\/modulistica\/\"><strong><em>l\u2019elenco con i nominativi dei traduttori giurati \u00e8 disponibile qui<\/em><\/strong><\/a><em>)<\/em><\/li>\n<li><em>legalizzare la firma del traduttore presso l\u2019ufficio notarile di questo Consolato Generale (per informazioni <\/em><a href=\"https:\/\/consstoccarda.esteri.it\/it\/servizi-consolari-e-visti\/servizi-per-il-cittadino-italiano\/traduzione-e-legalizzazione-dei-documenti\/\"><em>si veda la sezione dedicata<\/em><\/a><em>).<\/em><\/li>\n<\/ol>\n<p>&nbsp;<\/p>\n<h6>I servizi notarili pi\u00f9 frequenti sono:<\/h6>\n<ol>\n<li>Procure<\/li>\n<li>Testamenti<\/li>\n<li>Atti Pubblici<\/li>\n<li>Attivit\u00e0 di Autenticazione<\/li>\n<li>Atti notori e dichiarazioni sostitutive dell\u2019atto di notoriet\u00e0.<\/li>\n<li>Dichiarazione di Valore (per chi intende studiare in Italia)<\/li>\n<li>Radiazioni automobilistiche<\/li>\n<\/ol>\n<h5><\/h5>\n<p>La <strong>procura<\/strong> \u00e8 un atto con il quale si d\u00e0 la facolt\u00e0 ad un\u2019altra persona di agire in propria vece e rappresentanza ed a compiere gli atti necessari per raggiungere un determinato scopo (es. vendere, acquistare, amministrare, fare donazione, accettare donazione, costituire o sciogliere societ\u00e0, richiedere pubblicazioni di matrimonio, ecc.).<\/p>\n<p>Le procure si dividono in due categorie:<\/p>\n<ul>\n<li>procure generali: con questi atti l\u2019interessato affida al rappresentante la gestione di tutti i suoi affari, sia presenti sia futuri. La procura generale \u00e8 rilasciata a tempo indeterminato ed \u00e8 valida fino al decesso di una delle parti o fino ad espressa revoca.<\/li>\n<li>procure speciali: con questi atti l\u2019interessato affida al rappresentante la gestione di una parte dei suoi affari. La procura speciale cessa di avere efficacia nel momento in cui l\u2019incarico particolare per il quale \u00e8 stata rilasciata si conclude.<\/li>\n<\/ul>\n<p>&nbsp;<\/p>\n<p>L\u2019attivit\u00e0 di autenticazione \u00e8 normalmente svolta da un pubblico funzionario del Consolato e trattasi principalmente di:<\/p>\n<ul>\n<li>AUTENTICA DI FIRMA: consiste nell\u2019attestazione da parte del pubblico funzionario della provenienza di un atto da parte del soggetto che lo ha firmato munito di un documento di riconoscimento. Si ricorda che il servizio di autentiche notarili di firma non viene erogato dall\u2019ufficio consolare. Si veda la sezione servizi notarili per ogni ulteriore informazione.<\/li>\n<li>AUTENTICA DI FOTOGRAFIA: \u00e8 necessario presentarsi personalmente presso l\u2019Ufficio Notarile con un documento di riconoscimento e una fotografia.<\/li>\n<li>TRADUZIONI: vengono legalizzate le firme del traduttore giurato che abbia depositato la propria firma in Consolato.<br \/>\n(<a href=\"https:\/\/consstoccarda.esteri.it\/it\/servizi-consolari-e-visti\/servizi-per-il-cittadino-italiano\/modulistica\/\"><strong>l\u2019elenco con i nominativi dei traduttori giurati \u00e8 disponibile qui<\/strong><\/a>).<br \/>\nE\u2019 necessario presentare sia il documento redatto in lingua tedesca sia la relativa traduzione in lingua italiana.<\/li>\n<\/ul>\n<p>Se la traduzione viene inviata per posta bisogna corrispondere mediante versamento bancario (\u00dcberweisung) sul Conto Corrente di questo Consolato Generale, i cui dati IBAN e BIC sono:\u00a0<a href=\"https:\/\/consstoccarda.esteri.it\/it\/servizi-consolari-e-visti\/servizi-per-il-cittadino-italiano\/modulistica\/\"><strong>coordinate bancarie (link)<\/strong><\/a>,\u00a0indicando in maniera chiara il cognome, nome e la causa del versamento.<\/p>\n<p>&nbsp;<\/p>\n<h5>Atti Notori e Dichiarazioni Sostitutive dell\u2019Atto di Notoriet\u00e0<\/h5>\n<p>La dichiarazione sostitutiva dell\u2019atto di notoriet\u00e0 pu\u00f2 essere fatta dichiarando fatti, stati o qualit\u00e0 personali a diretta conoscenza dell\u2019interessato dinanzi al funzionario competente ai sensi dell\u2019art.47 del DPR 445\/2000 e successive modifiche e integrazioni.<\/p>\n<p>Qualora si tratti di stati, fatti e qualit\u00e0 personali certificabili o attestabili da parte di un altro soggetto pubblico e l\u2019amministrazione ritenga necessario controllare la veridicit\u00e0 delle dichiarazioni, ha a disposizione 15 giorni di tempo dalle dichiarazioni per richiedere la necessaria documentazione.<\/p>\n","protected":false},"excerpt":{"rendered":"L\u2019ufficio riceve su appuntamento, da fissare tramite prenot@mi. L\u2019appuntamento \u00e8 strettamente necessario per i servizi notarili. In mancanza di appuntamento, l\u2019accesso agli uffici consolari non sar\u00e0 consentito. AVVISO Con Decreto del Ministro degli Affari Esteri del 31.10.2011, registrato presso la Corte dei Conti in data 06.12.2011, \u00e8 stato disposto che, a partire dal 1\u00b0 gennaio [&hellip;]","protected":false},"author":32,"featured_media":0,"parent":174,"menu_order":10,"comment_status":"closed","ping_status":"closed","template":"","meta":{"footnotes":""},"class_list":["post-7136","page","type-page","status-publish","hentry"],"_links":{"self":[{"href":"https:\/\/consstoccarda.esteri.it\/it\/wp-json\/wp\/v2\/pages\/7136","targetHints":{"allow":["GET"]}}],"collection":[{"href":"https:\/\/consstoccarda.esteri.it\/it\/wp-json\/wp\/v2\/pages"}],"about":[{"href":"https:\/\/consstoccarda.esteri.it\/it\/wp-json\/wp\/v2\/types\/page"}],"author":[{"embeddable":true,"href":"https:\/\/consstoccarda.esteri.it\/it\/wp-json\/wp\/v2\/users\/32"}],"replies":[{"embeddable":true,"href":"https:\/\/consstoccarda.esteri.it\/it\/wp-json\/wp\/v2\/comments?post=7136"}],"version-history":[{"count":1,"href":"https:\/\/consstoccarda.esteri.it\/it\/wp-json\/wp\/v2\/pages\/7136\/revisions"}],"predecessor-version":[{"id":7139,"href":"https:\/\/consstoccarda.esteri.it\/it\/wp-json\/wp\/v2\/pages\/7136\/revisions\/7139"}],"up":[{"embeddable":true,"href":"https:\/\/consstoccarda.esteri.it\/it\/wp-json\/wp\/v2\/pages\/174"}],"wp:attachment":[{"href":"https:\/\/consstoccarda.esteri.it\/it\/wp-json\/wp\/v2\/media?parent=7136"}],"curies":[{"name":"wp","href":"https:\/\/api.w.org\/{rel}","templated":true}]}}