{"id":80,"date":"2023-02-07T18:19:34","date_gmt":"2023-02-07T17:19:34","guid":{"rendered":"https:\/\/consstoccarda.esteri.it\/?page_id=80"},"modified":"2026-02-06T12:36:25","modified_gmt":"2026-02-06T11:36:25","slug":"numeri-di-emergenza","status":"publish","type":"page","link":"https:\/\/consstoccarda.esteri.it\/it\/chi-siamo\/numeri-di-emergenza\/","title":{"rendered":"Numeri di emergenza"},"content":{"rendered":"<p>Per reali emergenze di tipo esclusivamente umanitario (e<strong>\u00a0non\u00a0<\/strong>per informazioni sui servizi consolari), fuori gli orari di servizio \u00e8 raggiungibile un nostro impiegato consolare al numero:<br \/>\n<strong>+49 176 34203 904<\/strong>.<\/p>\n<p><strong>ORARIO DI REPERIBILIT\u00c0 CELLULARE DI EMERGENZA:<\/strong><\/p>\n<p><strong>luned\u00ec e mercoled\u00ec, dalle 16.30 alle 22.00;<\/strong><\/p>\n<p><strong>marted\u00ec e gioved\u00ec, dalle 18.30 alle 22.00;<\/strong><\/p>\n<p><strong>venerd\u00ec, dalle 16.00 alle 22.00;<\/strong><\/p>\n<p><strong>nel fine settimana e nei giorni di ricorrenza festiva della Sede, dalle 8.00 alle 22.00.<\/strong><\/p>\n<p style=\"text-align: justify;\">In qualsiasi altro caso d&#8217;emergenza si pu\u00f2 contattare gratuitamente &#8211; 24 ore su 24 &#8211; i servizi di Pronto Intervento in qualunque Paese dell&#8217;Unione Europea, componendo\u00a0<strong>il numero unico d&#8217;emergenza 112<\/strong>\u00a0da qualsiasi telefono fisso o mobile. Si sottolinea che tale servizio, fermo restando le competenze consolari in materia, \u00e8 da considerarsi ben pi\u00f9 adatto a segnalare emergenze gravi, poich\u00e9 direttamente connesso alle strutture di pubblica sicurezza e soccorso in Germania.<\/p>\n<p>In caso di\u00a0<strong>ASSOLUTA EMERGENZA<\/strong>\u00a0in orari diversi da quelli di apertura degli uffici o di reperibilit\u00e0, \u00e8 possibile contattare i due seguenti numeri del Ministero degli Affari Esteri e della Cooperazione Internazionale:<br \/>\n&#8211; funzionario di turno della Direzione Generale per gli Italiani all&#8217;Estero e le Politiche Migratorie:<strong><span class=\"baec5a81-e4d6-4674-97f3-e9220f0136c1\"><br \/>\n+39-06-3691-2790<a title=\"Call: +39-06-3691-2790\" href=\"https:\/\/consstoccarda.esteri.it\/consolato_stoccarda\/it\/banner_home\/numeri-telefonici-di-emergenza.html#\"><img decoding=\"async\" title=\"Call: +39-06-3691-2790\" src=\"data:image\/png;base64,iVBORw0KGgoAAAANSUhEUgAAABAAAAAQCAYAAAAf8\/9hAAAACXBIWXMAAA7EAAAOxAGVKw4bAAAAIGNIUk0AAHolAACAgwAA+f8AAIDpAAB1MAAA6mAAADqYAAAXb5JfxUYAAAKLSURBVHjadJPfS5NhFMe\/21xvuhXRyJAZroiSrJnbRdT7vrAf5HBaK5RABmEEwQIvkpZ\/QRcWXdSFw5soKaF0F7qZeLO13mGBDpQsf5CoxVKHOt0Pctp2uvEdrzG\/V+c553w\/54HnPDIiQiGpPMETABoB2AAYd9MRAMMAvGmX+RcAyAoBVJ7gZQDtABworH4AHWmX+bOMZdkjCoXiUzabvcAwzPSsob5p\/VTNY9GcdpnxdmYZ9wJThSCtCr1e\/4XjuNPd3d1KjUZzaGbI27ysqzGQoggAsLa1A7ehArrDxfDNr0oBlQB+wmKxbJFEL968SxoamsjkHaPU9l9piUo6A0RE1DG2QCWdASrpDAzJM5kMI8XecdjVxfEl+K9dxFgsgUvvR6HyBKHyBAEATyKLeGSsENuNcqk5kUjEGm7fzcYqr0ClVODl99+YXEvl6+c1amjVe+ahiGGYaUEQKnmeh91uL43rqheixjpdmzCL11er0PcjhrTLvMfUJsyKYUSeyWQ6enp6tgCgrKxsfbP8bB8AdE1G89cOReMAgOv+Cag8QXRNRkXAsDwcDr+am5tLCYKA3t7eo2dG+1vVK\/MfpRPtA+MIReMYaKj+\/xm9MiICx3EmpVL5wefzFavValis1u1vvHMkdfykCQC0kSGUTo+Ajmnx1dSC7IGD+UUCEYGIwLKsyWazrSeTSSIiMpnNf7Ttz5+ec96fr7\/VnE0mk+QfHMzV3WjcKH\/4rEr05QGFIA6HY4llWRLPRER+v3\/HYrFMFQSIkNra2tVQKJSlfcSyLO0LECFWq3XF6XRGA4HAptTsdrsXeZ6fEHtl+31nAOA4rkUulz\/I5XL63dQGgHEAN8Ph8AYA\/BsAt4ube4GblQIAAAAASUVORK5CYII=\" alt=\"\" \/><\/a><\/span><\/strong>\u00a0oppure\u00a0<span class=\"baec5a81-e4d6-4674-97f3-e9220f0136c1\"><strong>+39-06-3691-2666<\/strong><a title=\"Call: +39-06-3691-2866\" href=\"https:\/\/consstoccarda.esteri.it\/consolato_stoccarda\/it\/banner_home\/numeri-telefonici-di-emergenza.html#\"><img decoding=\"async\" title=\"Call: +39-06-3691-2866\" src=\"data:image\/png;base64,iVBORw0KGgoAAAANSUhEUgAAABAAAAAQCAYAAAAf8\/9hAAAACXBIWXMAAA7EAAAOxAGVKw4bAAAAIGNIUk0AAHolAACAgwAA+f8AAIDpAAB1MAAA6mAAADqYAAAXb5JfxUYAAAKLSURBVHjadJPfS5NhFMe\/21xvuhXRyJAZroiSrJnbRdT7vrAf5HBaK5RABmEEwQIvkpZ\/QRcWXdSFw5soKaF0F7qZeLO13mGBDpQsf5CoxVKHOt0Pctp2uvEdrzG\/V+c553w\/54HnPDIiQiGpPMETABoB2AAYd9MRAMMAvGmX+RcAyAoBVJ7gZQDtABworH4AHWmX+bOMZdkjCoXiUzabvcAwzPSsob5p\/VTNY9GcdpnxdmYZ9wJThSCtCr1e\/4XjuNPd3d1KjUZzaGbI27ysqzGQoggAsLa1A7ehArrDxfDNr0oBlQB+wmKxbJFEL968SxoamsjkHaPU9l9piUo6A0RE1DG2QCWdASrpDAzJM5kMI8XecdjVxfEl+K9dxFgsgUvvR6HyBKHyBAEATyKLeGSsENuNcqk5kUjEGm7fzcYqr0ClVODl99+YXEvl6+c1amjVe+ahiGGYaUEQKnmeh91uL43rqheixjpdmzCL11er0PcjhrTLvMfUJsyKYUSeyWQ6enp6tgCgrKxsfbP8bB8AdE1G89cOReMAgOv+Cag8QXRNRkXAsDwcDr+am5tLCYKA3t7eo2dG+1vVK\/MfpRPtA+MIReMYaKj+\/xm9MiICx3EmpVL5wefzFavValis1u1vvHMkdfykCQC0kSGUTo+Ajmnx1dSC7IGD+UUCEYGIwLKsyWazrSeTSSIiMpnNf7Ttz5+ec96fr7\/VnE0mk+QfHMzV3WjcKH\/4rEr05QGFIA6HY4llWRLPRER+v3\/HYrFMFQSIkNra2tVQKJSlfcSyLO0LECFWq3XF6XRGA4HAptTsdrsXeZ6fEHtl+31nAOA4rkUulz\/I5XL63dQGgHEAN8Ph8AYA\/BsAt4ube4GblQIAAAAASUVORK5CYII=\" alt=\"\" \/><\/a><\/span><br \/>\n&#8211; Unit\u00e0 di Crisi:\u00a0<strong><span class=\"baec5a81-e4d6-4674-97f3-e9220f0136c1\">+39-06-36225<a title=\"Call: +39-06-36225\" href=\"https:\/\/consstoccarda.esteri.it\/consolato_stoccarda\/it\/banner_home\/numeri-telefonici-di-emergenza.html#\"><img decoding=\"async\" title=\"Call: +39-06-36225\" src=\"data:image\/png;base64,iVBORw0KGgoAAAANSUhEUgAAABAAAAAQCAYAAAAf8\/9hAAAACXBIWXMAAA7EAAAOxAGVKw4bAAAAIGNIUk0AAHolAACAgwAA+f8AAIDpAAB1MAAA6mAAADqYAAAXb5JfxUYAAAKLSURBVHjadJPfS5NhFMe\/21xvuhXRyJAZroiSrJnbRdT7vrAf5HBaK5RABmEEwQIvkpZ\/QRcWXdSFw5soKaF0F7qZeLO13mGBDpQsf5CoxVKHOt0Pctp2uvEdrzG\/V+c553w\/54HnPDIiQiGpPMETABoB2AAYd9MRAMMAvGmX+RcAyAoBVJ7gZQDtABworH4AHWmX+bOMZdkjCoXiUzabvcAwzPSsob5p\/VTNY9GcdpnxdmYZ9wJThSCtCr1e\/4XjuNPd3d1KjUZzaGbI27ysqzGQoggAsLa1A7ehArrDxfDNr0oBlQB+wmKxbJFEL968SxoamsjkHaPU9l9piUo6A0RE1DG2QCWdASrpDAzJM5kMI8XecdjVxfEl+K9dxFgsgUvvR6HyBKHyBAEATyKLeGSsENuNcqk5kUjEGm7fzcYqr0ClVODl99+YXEvl6+c1amjVe+ahiGGYaUEQKnmeh91uL43rqheixjpdmzCL11er0PcjhrTLvMfUJsyKYUSeyWQ6enp6tgCgrKxsfbP8bB8AdE1G89cOReMAgOv+Cag8QXRNRkXAsDwcDr+am5tLCYKA3t7eo2dG+1vVK\/MfpRPtA+MIReMYaKj+\/xm9MiICx3EmpVL5wefzFavValis1u1vvHMkdfykCQC0kSGUTo+Ajmnx1dSC7IGD+UUCEYGIwLKsyWazrSeTSSIiMpnNf7Ttz5+ec96fr7\/VnE0mk+QfHMzV3WjcKH\/4rEr05QGFIA6HY4llWRLPRER+v3\/HYrFMFQSIkNra2tVQKJSlfcSyLO0LECFWq3XF6XRGA4HAptTsdrsXeZ6fEHtl+31nAOA4rkUulz\/I5XL63dQGgHEAN8Ph8AYA\/BsAt4ube4GblQIAAAAASUVORK5CYII=\" alt=\"\" \/><\/a><\/span>.<\/strong><\/p>\n<p>I numeri telefonici di emergenza sono numerazioni telefoniche speciali, pensate per permettere a chi si trova in situazioni di emergenza o pericolo di contattare facilmente chi pu\u00f2 essere d&#8217;aiuto.<\/p>\n<p style=\"text-align: justify;\">Il numero di emergenza\u00a0<strong>112<\/strong>\u00a0\u00e8 gratuito, pertanto raggiungibile anche da cellulari privi di credito (e in alcuni casi anche privi della scheda SIM), ed \u00e8\u00a0in grado di ricevere e gestire le\u00a0<strong>chiamate di emergenza<\/strong>\u00a0e le richieste di soccorso 24 ore su 24.<\/p>\n<p>Per comporre i numeri di emergenza non \u00e8 necessario anteporre alcun prefisso: la chiamata verr\u00e0 automaticamente inoltrata alla centrale operativa competente.<\/p>\n<p>L&#8217;uso dei numeri di emergenza \u00e8 riservato per situazioni di effettivo pericolo: in molti casi sono disponibili numerazioni ordinarie alternative per contattare i medesimi servizi in assenza di urgenza.<\/p>\n","protected":false},"excerpt":{"rendered":"Per reali emergenze di tipo esclusivamente umanitario (e\u00a0non\u00a0per informazioni sui servizi consolari), fuori gli orari di servizio \u00e8 raggiungibile un nostro impiegato consolare al numero: +49 176 34203 904. ORARIO DI REPERIBILIT\u00c0 CELLULARE DI EMERGENZA: luned\u00ec e mercoled\u00ec, dalle 16.30 alle 22.00; marted\u00ec e gioved\u00ec, dalle 18.30 alle 22.00; venerd\u00ec, dalle 16.00 alle 22.00; nel [&hellip;]","protected":false},"author":3,"featured_media":0,"parent":9,"menu_order":8,"comment_status":"closed","ping_status":"closed","template":"","meta":{"footnotes":""},"class_list":["post-80","page","type-page","status-publish","hentry"],"_links":{"self":[{"href":"https:\/\/consstoccarda.esteri.it\/it\/wp-json\/wp\/v2\/pages\/80","targetHints":{"allow":["GET"]}}],"collection":[{"href":"https:\/\/consstoccarda.esteri.it\/it\/wp-json\/wp\/v2\/pages"}],"about":[{"href":"https:\/\/consstoccarda.esteri.it\/it\/wp-json\/wp\/v2\/types\/page"}],"author":[{"embeddable":true,"href":"https:\/\/consstoccarda.esteri.it\/it\/wp-json\/wp\/v2\/users\/3"}],"replies":[{"embeddable":true,"href":"https:\/\/consstoccarda.esteri.it\/it\/wp-json\/wp\/v2\/comments?post=80"}],"version-history":[{"count":4,"href":"https:\/\/consstoccarda.esteri.it\/it\/wp-json\/wp\/v2\/pages\/80\/revisions"}],"predecessor-version":[{"id":7273,"href":"https:\/\/consstoccarda.esteri.it\/it\/wp-json\/wp\/v2\/pages\/80\/revisions\/7273"}],"up":[{"embeddable":true,"href":"https:\/\/consstoccarda.esteri.it\/it\/wp-json\/wp\/v2\/pages\/9"}],"wp:attachment":[{"href":"https:\/\/consstoccarda.esteri.it\/it\/wp-json\/wp\/v2\/media?parent=80"}],"curies":[{"name":"wp","href":"https:\/\/api.w.org\/{rel}","templated":true}]}}